{"id":3,"date":"2020-03-21T15:10:08","date_gmt":"2020-03-21T14:10:08","guid":{"rendered":"https:\/\/go.niezawodnestrony.pl\/?page_id=3"},"modified":"2023-08-21T19:19:32","modified_gmt":"2023-08-21T17:19:32","slug":"polityka-prywatnosci","status":"publish","type":"page","link":"https:\/\/go.niezawodnestrony.pl\/index.php\/polityka-prywatnosci\/","title":{"rendered":"Polityka prywatno\u015bci"},"content":{"rendered":"\t\t<div data-elementor-type=\"wp-page\" data-elementor-id=\"3\" class=\"elementor elementor-3\" data-elementor-post-type=\"page\">\n\t\t\t\t\t\t<section class=\"elementor-section elementor-top-section elementor-element elementor-element-1db53b0f elementor-section-stretched elementor-section-height-min-height elementor-section-full_width elementor-section-height-default elementor-section-items-middle elementor-invisible\" data-id=\"1db53b0f\" data-element_type=\"section\" data-settings=\"{&quot;stretch_section&quot;:&quot;section-stretched&quot;,&quot;animation&quot;:&quot;slideInRight&quot;}\">\n\t\t\t\t\t\t<div class=\"elementor-container elementor-column-gap-default\">\n\t\t\t\t\t<div class=\"elementor-column elementor-col-100 elementor-top-column elementor-element elementor-element-78b1ba15\" data-id=\"78b1ba15\" data-element_type=\"column\" data-settings=\"{&quot;background_background&quot;:&quot;classic&quot;}\">\n\t\t\t<div class=\"elementor-widget-wrap elementor-element-populated\">\n\t\t\t\t\t\t<div class=\"elementor-element elementor-element-408d3358 elementor-widget elementor-widget-heading\" data-id=\"408d3358\" data-element_type=\"widget\" data-widget_type=\"heading.default\">\n\t\t\t\t<div class=\"elementor-widget-container\">\n\t\t\t\t\t<h1 class=\"elementor-heading-title elementor-size-default\">Polityka prywatno\u015bci &amp; Cookies<\/h1>\t\t\t\t<\/div>\n\t\t\t\t<\/div>\n\t\t\t\t\t<\/div>\n\t\t<\/div>\n\t\t\t\t\t<\/div>\n\t\t<\/section>\n\t\t\t\t<section class=\"elementor-section elementor-top-section elementor-element elementor-element-942524c elementor-section-stretched elementor-section-boxed elementor-section-height-default elementor-section-height-default\" data-id=\"942524c\" data-element_type=\"section\" data-settings=\"{&quot;stretch_section&quot;:&quot;section-stretched&quot;}\">\n\t\t\t\t\t\t<div class=\"elementor-container elementor-column-gap-default\">\n\t\t\t\t\t<div class=\"elementor-column elementor-col-100 elementor-top-column elementor-element elementor-element-59e2517\" data-id=\"59e2517\" data-element_type=\"column\" data-settings=\"{&quot;background_background&quot;:&quot;classic&quot;}\">\n\t\t\t<div class=\"elementor-widget-wrap elementor-element-populated\">\n\t\t\t\t\t\t<div class=\"elementor-element elementor-element-5ac4b889 elementor-widget elementor-widget-text-editor\" data-id=\"5ac4b889\" data-element_type=\"widget\" data-widget_type=\"text-editor.default\">\n\t\t\t\t<div class=\"elementor-widget-container\">\n\t\t\t\t\t\t\t\t\t<p><\/p>\n\n\n\n<div><strong>Szanowni Pa\u0144stwo!<\/strong><\/div>\n<div>Ze wzgl\u0119du na zmiany w przepisach dotycz\u0105cych ochrony danych osobowych, zwi\u0105zane z wej\u015bciem w \u017cycie<span style=\"color: #000080;\">&nbsp;<a style=\"color: #000080;\" href=\"http:\/\/system.send24.pl\/redirect\/index.php?lid=3C7C4BF0-4C98-420E-9F1B-DC2B9A298906&amp;mccid=253697AE-B70A-44B0-AA13-3F986B64BDA5&amp;did=5A651AD6-993A-43EC-BB1A-6D48612A38A5&amp;mid=TjlOLBsgBwQPPQBFLCERGWM6SXhUIw%3d%3d&amp;cid=AWMSfkJ2U18%3d&amp;cntct_id=eGIce0N8XS4MD11nH25ARBsMFG9ieEdoIFoTDFpiaAJBRWUL&amp;site=aHR0cHMlM2ElMmYlMmZldXItbGV4LmV1cm9wYS5ldSUyZmxlZ2FsLWNvbnRlbnQlMmZQTCUyZlRYVCUyZlBERiUyZiUzZnVyaSUzZENFTEVYJTNhMzIwMTZSMDY3OSUyNmZyb20lM2RQTA%3d%3d\" target=\"_blank\" rel=\"noopener\" data-saferedirecturl=\"https:\/\/www.google.com\/url?hl=pl&amp;q=http:\/\/system.send24.pl\/redirect\/index.php?lid%3D3C7C4BF0-4C98-420E-9F1B-DC2B9A298906%26mccid%3D253697AE-B70A-44B0-AA13-3F986B64BDA5%26did%3D5A651AD6-993A-43EC-BB1A-6D48612A38A5%26mid%3DTjlOLBsgBwQPPQBFLCERGWM6SXhUIw%253d%253d%26cid%3DAWMSfkJ2U18%253d%26cntct_id%3DeGIce0N8XS4MD11nH25ARBsMFG9ieEdoIFoTDFpiaAJBRWUL%26site%3DaHR0cHMlM2ElMmYlMmZldXItbGV4LmV1cm9wYS5ldSUyZmxlZ2FsLWNvbnRlbnQlMmZQTCUyZlRYVCUyZlBERiUyZiUzZnVyaSUzZENFTEVYJTNhMzIwMTZSMDY3OSUyNmZyb20lM2RQTA%253d%253d&amp;source=gmail&amp;ust=1527434068781000&amp;usg=AFQjCNHjTISb2-vn4E6UGKcdulWT-ut5Nw\">Rozporz\u0105dzenia 2016\/679 Parlamentu Europejskiego i Rady z dnia 27 kwietnia 2016 r. w sprawie ochrony os\u00f3b fizycznych w zwi\u0105zku z przetwarzaniem danych osobowych i w sprawie swobodnego przep\u0142ywu takich danych oraz uchylenia dyrektywy 95\/46\/WE (og\u00f3lne rozporz\u0105dzenie o ochronie danych)<\/a><\/span>\u2013 dalej: RODO, przedstawiamy zaktualizowane informacje w zakresie przetwarzania Waszych danych osobowych.<\/div>\n<div>&nbsp;<\/div>\n<div>Serdecznie zach\u0119camy do zapoznania si\u0119 z poni\u017cszymi informacjami, jak r\u00f3wnie\u017c do bezpo\u015bredniego kontaktu.&nbsp;<\/div>\n<div>&nbsp;<\/div>\n<div>Administratorem Pa\u0144stwa danych jest: Go Ahead School, Monika Skarbek z siedzib\u0105 znajduj\u0105c\u0105 si\u0119 przy ul. Cz\u0142uchowska 35A\/22, 01-360 Warszawa<\/div>\n<div>&nbsp;<\/div>\n<div>Mo\u017cesz skontaktowa\u0107 si\u0119 z nami na kilka sposob\u00f3w, tj.:<\/div>\n<ul>\n<li>\n<div>poczt\u0105 tradycyjn\u0105 na adres Administratora: ul. Cz\u0142uchowska 35A\/22, 01-360 Warszawa<\/div>\n<\/li>\n<li>\n<div>e-mailem na adres: <span style=\"color: #000080;\"><a style=\"color: #000080;\" href=\"mailto:ms@go.niezawodnestrony.pl\">ms@go.niezawodnestrony.pl<\/a><\/span><\/div>\n<\/li>\n<\/ul>\n<div>&nbsp;<\/div>\n<div>Od 25 maja 2018 roku przys\u0142uguje Ci prawo prawo dost\u0119pu do swoich danych, ich poprawiania, \u017c\u0105dania ich usuni\u0119cia, ograniczenia przetwarzania oraz prawo do przenoszenia danych. Je\u017celi przetwarzanie danych budzi Twoje w\u0105tpliwo\u015bci, mo\u017cesz wnie\u015b\u0107 skarg\u0119 do organu nadzorczego.<\/div>\n<div>Przypominamy r\u00f3wnie\u017c, \u017ce Twoje dane przetwarzamy:<\/div>\n<div>\n<ol>\n<li>w celu niezb\u0119dnym do obs\u0142ugi i realizacji us\u0142ug, w szczeg\u00f3lno\u015bci &#8211; nauczania \u2013 podstaw\u0105 prawn\u0105 przetwarzania danych osobowych jest art. 6 ust. 1 lit. b) RODO,<\/li>\n<li>w celu \u015bwiadczenia us\u0142ug drog\u0105 elektroniczn\u0105 oraz zawierania um\u00f3w sprzeda\u017cy \u2013 podstaw\u0105 prawn\u0105 przetwarzania danych osobowych jest art. 6 ust. 1 lit. b) RODO,<\/li>\n<li>w celu kierowania&nbsp;&nbsp;przez szko\u0142\u0119 tre\u015bci marketingowych&nbsp;&nbsp;\u2013 podstaw\u0105 prawn\u0105 przetwarzania danych osobowych jest prawnie uzasadniony interes Szko\u0142y (art. 6 ust. 1 lit. f) RODO;<\/li>\n<li>dla cel\u00f3w wype\u0142nienia obowi\u0105zk\u00f3w prawnych ci\u0105\u017c\u0105cych na Szkole na podstawie powszechnie obowi\u0105zuj\u0105cych przepis\u00f3w prawa, w tym przepis\u00f3w podatkowych oraz z zakresu rachunkowo\u015bci &#8211; podstaw\u0105 prawn\u0105 przetwarzania danych osobowych jest art. 6 ust. 1 lit. c RODO,<\/li>\n<li>dla cel\u00f3w analitycznych i statystycznych \u2013 podstaw\u0105 prawn\u0105 przetwarzania danych osobowych jest prawnie uzasadniony interes Szko\u0142y (art. 6 ust. 1 lit. f) RODO, uzasadnionym interesem szko\u0142y jest prowadzenie analizy wynik\u00f3w prowadzonej dzia\u0142alno\u015bci gospodarczej,<\/li>\n<li>w celu realizacji prawnie uzasadnionego interesu Sp\u00f3\u0142ki polegaj\u0105cego na ewentualnym ustaleniu lub dochodzeniu roszcze\u0144 lub obrony przed roszczeniami &#8211; podstaw\u0105 prawn\u0105 przetwarzania danych osobowych jest prawnie uzasadniony interes szko\u0142y (art. 6 ust. 1 lit. f RODO.<\/li>\n<\/ol>\n<\/div>\n<div>&nbsp;<\/div>\n<div>Szko\u0142a nie przekazuje danych osobowych jednak\u017ce w procesie obs\u0142ugi dzia\u0142alno\u015bci Pa\u0144stwa dane mog\u0105 by\u0107 przetwarzane przez:<\/div>\n<div>\n<ol>\n<li>dostawcy system\u00f3w informatycznych oraz us\u0142ug IT,<\/li>\n<li>podmioty \u015bwiadcz\u0105ce na rzecz Szko\u0142y us\u0142ugi ksi\u0119gowe, badania jako\u015bci obs\u0142ugi, dochodzenia nale\u017cno\u015bci, us\u0142ugi prawne, analityczne, marketingowe,<\/li>\n<li>operatorzy pocztowi i kurierzy,<\/li>\n<li>jednostki szkolne, w kt\u00f3rych Szko\u0142a prowadzi dzia\u0142alno\u015b\u0107,<\/li>\n<li><span style=\"text-align: inherit;\">pracownicy Szko\u0142y.<\/span><\/li>\n<\/ol>\n<\/div>\n<div>&nbsp;<\/div>\n<div>Szko\u0142a nie przekazuje danych osobowych do pa\u0144stw trzecich.<\/div>\n<div>&nbsp;<\/div>\n<div>Dane osobowe b\u0119d\u0105 przetwarzane:<\/div>\n<div>\n<ol>\n<li>w przypadku danych osobowych przetwarzanych w celu zawarcia i wykonania um\u00f3w sprzeda\u017cy \u2013 przez czas niezb\u0119dny do wykonania wszystkich obowi\u0105zk\u00f3w wynikaj\u0105cych z um\u00f3w sprzeda\u017cy,<\/li>\n<li>w przypadku danych osobowych przetwarzanych w celu \u015bwiadczenia na Pani\/Pana us\u0142ug drog\u0105 elektroniczn\u0105 \u2013przez czas \u015bwiadczenia na Pani\/Pana rzecz us\u0142ug drog\u0105 elektroniczn\u0105,<\/li>\n<li>w przypadku danych osobowych przetwarzanych w celu kierowania do przez Szko\u0142\u0119 tre\u015bci marketingowych \u2013 do czasu wniesienia&nbsp;&nbsp;sprzeciwu wzgl\u0119dem przetwarzania danych osobowych w tym zakresie,<\/li>\n<li>w przypadku \u015bwiadczenia us\u0142ug drog\u0105 elektroniczn\u0105&nbsp;&nbsp;\u2013 przez czas \u015bwiadczenia us\u0142ug drog\u0105 elektroniczn\u0105,<\/li>\n<li>w przypadkach gdy zachodzi konieczno\u015b\u0107 prowadzenia procesu s\u0105dowego &#8211; do czasu zako\u0144czenia post\u0119powania,<\/li>\n<li>w przypadkach dotycz\u0105cych obowi\u0105zk\u00f3w podatkowych \u2013 do czasu up\u0142ywu okresu przedawnienia zobowi\u0105za\u0144 podatkowych. Po tym okresie dane osobowe b\u0119d\u0105 przetwarzane jedynie w zakresie i przez czas wymagany przepisami prawa, w tym przepisami o rachunkowo\u015bci.<\/li>\n<\/ol>\n<\/div>\n<div>&nbsp;<\/div>\n<div>Pani\/Pana dane osobowe b\u0119d\u0105 podlega\u0142y profilowaniu.<\/div>\n<div>&nbsp;<\/div>\n<div>Ka\u017cd\u0105 z wyra\u017conych zg\u00f3d mo\u017cna wycofa\u0107 w dowolnym momencie. Wycofanie zgody nie wp\u0142ywa na zgodno\u015b\u0107 z prawem przetwarzania dokonanego przed jej wycofaniem.&nbsp;<\/div>\n<div>&nbsp;<\/div>\n<div>Szko\u0142a prosi o wycofanie zgody w formie pisemnej na adres ul. Cz\u0142uchowska 35A\/22, 01-360 Warszawa&nbsp; &nbsp;lub elektronicznej &#8211; wiadomo\u015b\u0107 email na adres:<span style=\"color: #000080;\"> <a style=\"color: #000080;\" href=\"mailto:ms@go.niezawodnestrony.pl\">ms@go.niezawodnestrony.pl<\/a><\/span><\/div>\n<div>&nbsp;<\/div>\n<div>Podanie danych osobowych jest dobrowolne, jednak\u017ce niezb\u0119dne w celu \u015bwiadczenia us\u0142ug drog\u0105 elektroniczn\u0105 na Pani\/Pana rzecz lub zawierania oraz wykonywania um\u00f3w sprzeda\u017cy. Konsekwencj\u0105 niepodania danych osobowych wymaganych przez Szko\u0142\u0119 jest brak mo\u017cliwo\u015bci \u015bwiadczenia us\u0142ug drog\u0105 elektroniczn\u0105 lub zawierania um\u00f3w&nbsp;sprzeda\u017cy.<\/div>\n\n\n\n\n<p><\/p>\t\t\t\t\t\t\t\t<\/div>\n\t\t\t\t<\/div>\n\t\t\t\t<div class=\"elementor-element elementor-element-2e5740e elementor-widget-divider--view-line elementor-widget elementor-widget-divider\" data-id=\"2e5740e\" data-element_type=\"widget\" data-widget_type=\"divider.default\">\n\t\t\t\t<div class=\"elementor-widget-container\">\n\t\t\t\t\t\t\t<div class=\"elementor-divider\">\n\t\t\t<span class=\"elementor-divider-separator\">\n\t\t\t\t\t\t<\/span>\n\t\t<\/div>\n\t\t\t\t\t\t<\/div>\n\t\t\t\t<\/div>\n\t\t\t\t<div class=\"elementor-element elementor-element-459f6b0 elementor-widget elementor-widget-text-editor\" data-id=\"459f6b0\" data-element_type=\"widget\" data-widget_type=\"text-editor.default\">\n\t\t\t\t<div class=\"elementor-widget-container\">\n\t\t\t\t\t\t\t\t\t<p>Poni\u017csza Polityka Cookies okre\u015bla zasady zapisywania i uzyskiwania dost\u0119pu do danych na Urz\u0105dzeniach U\u017cytkownik\u00f3w korzystaj\u0105cych z Serwisu do cel\u00f3w \u015bwiadczenia us\u0142ug drog\u0105 elektroniczn\u0105 przez Administratora Serwisu.<\/p>\n<p><strong>\u00a7 1 DEFINICJE<\/strong><\/p>\n<ul>\n<li>\n<ul>\n<li>\n<p><strong>Serwis<\/strong>\u00a0&#8211; serwis internetowy dzia\u0142aj\u0105cy pod adresem\u00a0<span id=\"serwis\"><span class=\"colored\">goaheadschool.pl<\/span><\/span><\/p>\n<\/li>\n<\/ul>\n<\/li>\n<\/ul>\n<ul>\n<li>\n<ul>\n<li>\n<p><strong>Serwis zewn\u0119trzny<\/strong>\u00a0&#8211; serwisy internetowe partner\u00f3w, us\u0142ugodawc\u00f3w lub us\u0142ugobiorc\u00f3w Administratora<\/p>\n<\/li>\n<\/ul>\n<\/li>\n<\/ul>\n<ul>\n<li>\n<ul>\n<li>\n<p><strong>Administrator<\/strong>\u00a0&#8211; firma\u00a0<span id=\"firma\"><span class=\"colored\">Go Ahead School Monika Skarbek<\/span>, prowadz\u0105ca dzia\u0142alno\u015b\u0107 pod adresem: ul. Cz\u0142uchowska 35A\/22, 01-360 Warszawa, o nadanym numerze identyfikacji podatkowej (NIP):\u00a0<span class=\"colored\">5222324585<\/span><\/span>, \u015bwiadcz\u0105ca us\u0142ugi drog\u0105 elektroniczn\u0105 za po\u015brednictwem Serwisu oraz przechowuj\u0105ca i uzyskuj\u0105ca dost\u0119p do informacji w urz\u0105dzeniach U\u017cytkownika<\/p>\n<\/li>\n<\/ul>\n<\/li>\n<\/ul>\n<ul>\n<li>\n<ul>\n<li>\n<p><strong>U\u017cytkownik<\/strong> &#8211; osoba fizyczna, dla kt\u00f3rej Administrator \u015bwiadczy us\u0142ugi drog\u0105 elektroniczna za po\u015brednictwem Serwisu.<\/p>\n<\/li>\n<\/ul>\n<\/li>\n<\/ul>\n<ul>\n<li>\n<ul>\n<li>\n<p><strong>Urz\u0105dzenie<\/strong>\u00a0&#8211; elektroniczne urz\u0105dzenie wraz z oprogramowaniem, za po\u015brednictwem, kt\u00f3rego U\u017cytkownik uzyskuje dost\u0119p do Serwisu<\/p>\n<\/li>\n<\/ul>\n<\/li>\n<\/ul>\n<ul>\n<li>\n<ul>\n<li>\n<p>Cookies<strong> (ciasteczka)<\/strong>\u00a0&#8211; dane tekstowe gromadzone w formie plik\u00f3w zamieszczanych na Urz\u0105dzeniu U\u017cytkownika<\/p>\n<\/li>\n<\/ul>\n<\/li>\n<\/ul>\n<p><strong>\u00a7 2 RODZAJE COOKIES<\/strong><\/p>\n<ul>\n<li>\n<ul>\n<li>\n<p><strong>Cookies wewn\u0119trzne<\/strong> &#8211; pliki zamieszczane i odczytywane z Urz\u0105dzenia U\u017cytkownika przez system teleinformatyczny Serwisu<\/p>\n<\/li>\n<\/ul>\n<\/li>\n<\/ul>\n<ul>\n<li>\n<ul>\n<li>\n<p><strong>Cookies zewn\u0119trzne<\/strong>\u00a0&#8211; pliki zamieszczane i odczytywane z Urz\u0105dzenia U\u017cytkownika przez systemy teleinformatyczne Serwis\u00f3w zewn\u0119trznych<\/p>\n<\/li>\n<\/ul>\n<\/li>\n<\/ul>\n<ul>\n<li>\n<ul>\n<li>\n<p><strong>Cookies sesyjne<\/strong>\u00a0&#8211; pliki zamieszczane i odczytywane z Urz\u0105dzenia U\u017cytkownika przez Serwis\u00a0<span id=\"sz1\">lub Serwisy zewn\u0119trzne<\/span>\u00a0podczas jednej sesji danego Urz\u0105dzenia. Po zako\u0144czeniu sesji pliki s\u0105 usuwane z Urz\u0105dzenia U\u017cytkownika.<\/p>\n<\/li>\n<\/ul>\n<\/li>\n<\/ul>\n<ul>\n<li>\n<ul>\n<li>\n<p><strong>Cookies trwa\u0142e<\/strong>\u00a0&#8211; pliki zamieszczane i odczytywane z Urz\u0105dzenia U\u017cytkownika przez Serwis\u00a0<span id=\"sz2\">lub Serwisy zewn\u0119trzne<\/span>\u00a0do momentu ich r\u0119cznego usuni\u0119cia. Pliki nie s\u0105 usuwane automatycznie po zako\u0144czeniu sesji Urz\u0105dzenia chyba \u017ce konfiguracja Urz\u0105dzenia U\u017cytkownika jest ustawiona na tryb usuwanie plik\u00f3w Cookie po zako\u0144czeniu sesji Urz\u0105dzenia.<\/p>\n<\/li>\n<\/ul>\n<\/li>\n<\/ul>\n<p><strong>\u00a7 3 BEZPIECZE\u0143STWO<\/strong><\/p>\n<ul>\n<li>\n<ul>\n<li>\n<p><strong>Mechanizmy sk\u0142adowania i odczytu<\/strong>\u00a0&#8211; Mechanizmy sk\u0142adowania i odczytu Cookies nie pozwalaj\u0105 na pobierania jakichkolwiek danych osobowych ani \u017cadnych informacji poufnych z Urz\u0105dzenia U\u017cytkownika. Przeniesienie na Urz\u0105dzenie U\u017cytkownika wirus\u00f3w, koni troja\u0144skich oraz innych robak\u00f3w jest praktynie niemo\u017cliwe.<\/p>\n<\/li>\n<\/ul>\n<\/li>\n<\/ul>\n<ul>\n<li>\n<ul>\n<li>\n<p><strong>Cookie wewn\u0119trzne<\/strong>\u00a0&#8211; zastosowane przez Administratora Cookie wewn\u0119trzne s\u0105 bezpieczne dla Urz\u0105dze\u0144 U\u017cytkownik\u00f3w<\/p>\n<\/li>\n<\/ul>\n<\/li>\n<\/ul>\n<ul>\n<li>\n<ul>\n<li>\n<p><strong>Cookie zewn\u0119trzne<\/strong>\u00a0&#8211; za bezpiecze\u0144stwo plik\u00f3w Cookie pochodz\u0105cych od partner\u00f3w Serwisu Administrator nie ponosi odpowiedzialno\u015bci. Lista partner\u00f3w zamieszczona jest w dalszej cz\u0119\u015bci Polityki Cookie.<\/p>\n<\/li>\n<\/ul>\n<\/li>\n<\/ul>\n<p><strong>\u00a7 4 CELE DO KT\u00d3RYCH WYKORZYSTYWANE S\u0104 PLIKI COOKIE<\/strong><\/p>\n<ul id=\"cele\">\n<li>\n<p><strong><span class=\"colored\">Usprawnienie i u\u0142atwienie dost\u0119pu do Serwisu<\/span><\/strong>\u00a0&#8211; Administrator mo\u017ce przechowywa\u0107 w plikach Cookie informacje o preferencjach i ustawieniach u\u017cytkownika dotycz\u0105cych Serwisu aby usprawni\u0107, polepszy\u0107 i przy\u015bpieszy\u0107 \u015bwiadczenie us\u0142ug w ramach Serwisu.<\/p>\n<\/li>\n<li>\n<p><strong><span class=\"colored\">Dane statystyczne<\/span><\/strong>\u00a0&#8211; Administrator\u00a0<span id=\"sz4\">oraz Serwisy zewn\u0119trzne<\/span>\u00a0wykorzystuje pliki Cookie do zbierania i przetwarzania danych statystycznych takich jak np. statystyki odwiedzin, statystyki Urz\u0105dze\u0144 U\u017cytkownik\u00f3w czy statystyki zachowa\u0144 u\u017cytkownik\u00f3w. Dane te zbierane s\u0105 w celu analizy i ulepszania Serwisu.<\/p>\n<\/li>\n<\/ul>\n<p><strong>\u00a7 5 SERWISY ZEWN\u0118TRZNE<\/strong><\/p>\n<p id=\"zewinfo\"><span class=\"colored\">Administrator wsp\u00f3\u0142pracuje z nast\u0119puj\u0105cymi serwisami zewn\u0119trznymi, kt\u00f3re mog\u0105 zamieszcza\u0107 pliki Cookie na Urz\u0105dzeniach U\u017cytkownika:<\/span><\/p>\n<ul id=\"zewnetrzne\">\n<li>\n<p><strong><span class=\"colored\">Google Analytics<\/span><\/strong><\/p>\n<\/li>\n<\/ul>\n<p><strong>\u00a7 6 MO\u017bLIWO\u015aCI OKRE\u015aLANIA WARUNK\u00d3W PRZECHOWYWANIA I UZYSKIWANIA DOST\u0118PU NA URZ\u0104DZENIACH U\u017bYTKOWNIKA PRZEZ SERWIS<span id=\"sz6\">\u00a0I SERWISY ZEWN\u0118TRZNE<\/span><\/strong><\/p>\n<ul>\n<li>\n<ul>\n<li>\n<p>U\u017cytkownik mo\u017ce w dowolnym momencie, samodzielnie zmieni\u0107 ustawienia dotycz\u0105ce zapisywania, usuwania oraz dost\u0119pu do danych zapisanych plik\u00f3w Cookies<\/p>\n<\/li>\n<\/ul>\n<\/li>\n<\/ul>\n<ul>\n<li>\n<ul>\n<li>\n<p>Informacje o sposobie wy\u0142\u0105czenia plik\u00f3w Cookie w najpopularniejszych przegl\u0105darkach komputerowych i urz\u0105dze\u0144 mobilnych dost\u0119pna s\u0105 na stronie:\u00a0<a href=\"http:\/\/jakwylaczyccookie.pl\/\">jak wy\u0142\u0105czy\u0107 cookie<\/a>.<\/p>\n<\/li>\n<\/ul>\n<\/li>\n<\/ul>\n<ul>\n<li>\n<ul>\n<li>\n<p>U\u017cytkownik mo\u017ce w dowolnym momencie usun\u0105\u0107 wszelkie zapisane do tej pory pliki Cookie korzystaj\u0105c z narz\u0119dzi Urz\u0105dzenia U\u017cytkownika za po\u015brednictwem kt\u00f3rego U\u017cytkowanik korzysta z us\u0142ug Serwisu.<\/p>\n<\/li>\n<\/ul>\n<\/li>\n<\/ul>\n<p><strong>\u00a7 7 WYMAGANIA SERWISU<\/strong><\/p>\n<ul>\n<li>\n<ul>\n<li>\n<p>Ograniczenie zapisu i dost\u0119pu do plik\u00f3w Cookie na Urz\u0105dzeniu U\u017cytkownika mo\u017ce spowodowa\u0107 nieprawid\u0142owe dzia\u0142anie niekt\u00f3rych funkcji Serwisu.<\/p>\n<\/li>\n<\/ul>\n<\/li>\n<\/ul>\n<ul>\n<li>\n<ul>\n<li>\n<p>Administrator nie ponosi \u017cadnej odpowiedzialno\u015bci za nieprawid\u0142owo dzia\u0142aj\u0105ce funkcje Serwisu w przypadku gdy U\u017cytkownik ograniczy w jakikolwiek spos\u00f3b mo\u017cliwo\u015b\u0107 zapisywania i odczytu plik\u00f3w Cookie.<\/p>\n<\/li>\n<\/ul>\n<\/li>\n<\/ul>\n<p><strong>\u00a7 8 ZMIANY W POLITYCE COOKIE<\/strong><\/p>\n<ul>\n<li>\n<ul>\n<li>\n<p>Administrator zastrzega sobie prawo do dowolnej zmiany niniejszej Polityki Cookie bez konieczno\u015bci informowania o tym u\u017cytkownik\u00f3w.<\/p>\n<\/li>\n<\/ul>\n<\/li>\n<\/ul>\n<ul>\n<li>\n<ul>\n<li>\n<p>Wprowadzone zmiany w Polityce Cookie zawsze b\u0119d\u0105 publikowane na tej stronie.<\/p>\n<\/li>\n<\/ul>\n<\/li>\n<\/ul>\n<ul>\n<li>\n<ul>\n<li>\n<p>Wprowadzone zmiany wchodz\u0105 w \u017cycie w dniu publikacji Polityki Cookie.<\/p>\n<\/li>\n<\/ul>\n<\/li>\n<\/ul>\t\t\t\t\t\t\t\t<\/div>\n\t\t\t\t<\/div>\n\t\t\t\t\t<\/div>\n\t\t<\/div>\n\t\t\t\t\t<\/div>\n\t\t<\/section>\n\t\t\t\t<section class=\"elementor-section elementor-top-section elementor-element elementor-element-f28494b elementor-section-stretched elementor-section-boxed elementor-section-height-default elementor-section-height-default elementor-invisible\" data-id=\"f28494b\" data-element_type=\"section\" data-settings=\"{&quot;stretch_section&quot;:&quot;section-stretched&quot;,&quot;background_background&quot;:&quot;classic&quot;,&quot;animation&quot;:&quot;slideInLeft&quot;}\">\n\t\t\t\t\t\t<div class=\"elementor-container elementor-column-gap-default\">\n\t\t\t\t\t<div class=\"elementor-column elementor-col-100 elementor-top-column elementor-element elementor-element-71fd765\" data-id=\"71fd765\" data-element_type=\"column\">\n\t\t\t<div class=\"elementor-widget-wrap elementor-element-populated\">\n\t\t\t\t\t\t<div class=\"elementor-element elementor-element-5fb88fb elementor-widget elementor-widget-heading\" data-id=\"5fb88fb\" data-element_type=\"widget\" data-widget_type=\"heading.default\">\n\t\t\t\t<div class=\"elementor-widget-container\">\n\t\t\t\t\t<h2 class=\"elementor-heading-title elementor-size-default\">Naucz si\u0119 j\u0119zyka angielskiego w Go Ahead School<\/h2>\t\t\t\t<\/div>\n\t\t\t\t<\/div>\n\t\t\t\t<div class=\"elementor-element elementor-element-ca8d37c elementor-widget elementor-widget-text-editor\" data-id=\"ca8d37c\" data-element_type=\"widget\" data-widget_type=\"text-editor.default\">\n\t\t\t\t<div class=\"elementor-widget-container\">\n\t\t\t\t\t\t\t\t\t<p style=\"text-align: center;\">Skontaktuj si\u0119 z nami by dowiedzie\u0107 si\u0119 wi\u0119cej lub przejd\u017a do zapis\u00f3w online.<\/p>\t\t\t\t\t\t\t\t<\/div>\n\t\t\t\t<\/div>\n\t\t\t\t<section class=\"elementor-section elementor-inner-section elementor-element elementor-element-782397d elementor-section-boxed elementor-section-height-default elementor-section-height-default\" data-id=\"782397d\" data-element_type=\"section\">\n\t\t\t\t\t\t<div class=\"elementor-container elementor-column-gap-default\">\n\t\t\t\t\t<div class=\"elementor-column elementor-col-33 elementor-inner-column elementor-element elementor-element-34f1e10\" data-id=\"34f1e10\" data-element_type=\"column\">\n\t\t\t<div class=\"elementor-widget-wrap elementor-element-populated\">\n\t\t\t\t\t\t<div class=\"elementor-element elementor-element-ff88bd6 elementor-align-justify elementor-mobile-align-justify elementor-tablet-align-justify elementor-widget elementor-widget-button\" data-id=\"ff88bd6\" data-element_type=\"widget\" data-widget_type=\"button.default\">\n\t\t\t\t<div class=\"elementor-widget-container\">\n\t\t\t\t\t\t\t\t\t<div class=\"elementor-button-wrapper\">\n\t\t\t\t\t<a class=\"elementor-button elementor-button-link elementor-size-sm\" href=\"https:\/\/go.niezawodnestrony.pl\/index.php\/kontakt#form\">\n\t\t\t\t\t\t<span class=\"elementor-button-content-wrapper\">\n\t\t\t\t\t\t\t\t\t<span class=\"elementor-button-text\">Skontaktuj si\u0119 z nami<\/span>\n\t\t\t\t\t<\/span>\n\t\t\t\t\t<\/a>\n\t\t\t\t<\/div>\n\t\t\t\t\t\t\t\t<\/div>\n\t\t\t\t<\/div>\n\t\t\t\t\t<\/div>\n\t\t<\/div>\n\t\t\t\t<div class=\"elementor-column elementor-col-33 elementor-inner-column elementor-element elementor-element-062ce19\" data-id=\"062ce19\" data-element_type=\"column\">\n\t\t\t<div class=\"elementor-widget-wrap elementor-element-populated\">\n\t\t\t\t\t\t<div class=\"elementor-element elementor-element-d492425 elementor-widget elementor-widget-text-editor\" data-id=\"d492425\" data-element_type=\"widget\" data-widget_type=\"text-editor.default\">\n\t\t\t\t<div class=\"elementor-widget-container\">\n\t\t\t\t\t\t\t\t\t<p style=\"text-align: center;\">lub<\/p>\t\t\t\t\t\t\t\t<\/div>\n\t\t\t\t<\/div>\n\t\t\t\t\t<\/div>\n\t\t<\/div>\n\t\t\t\t<div class=\"elementor-column elementor-col-33 elementor-inner-column elementor-element elementor-element-f196d24\" data-id=\"f196d24\" data-element_type=\"column\">\n\t\t\t<div class=\"elementor-widget-wrap elementor-element-populated\">\n\t\t\t\t\t\t<div class=\"elementor-element elementor-element-5ff00af elementor-align-justify elementor-mobile-align-justify elementor-tablet-align-justify elementor-widget elementor-widget-button\" data-id=\"5ff00af\" data-element_type=\"widget\" data-widget_type=\"button.default\">\n\t\t\t\t<div class=\"elementor-widget-container\">\n\t\t\t\t\t\t\t\t\t<div class=\"elementor-button-wrapper\">\n\t\t\t\t\t<a class=\"elementor-button elementor-button-link elementor-size-sm\" href=\"https:\/\/go.niezawodnestrony.pl\/index.php\/regulamin-check\/\" rel=\"nofollow\">\n\t\t\t\t\t\t<span class=\"elementor-button-content-wrapper\">\n\t\t\t\t\t\t\t\t\t<span class=\"elementor-button-text\">Zapisz si\u0119 na kurs<\/span>\n\t\t\t\t\t<\/span>\n\t\t\t\t\t<\/a>\n\t\t\t\t<\/div>\n\t\t\t\t\t\t\t\t<\/div>\n\t\t\t\t<\/div>\n\t\t\t\t\t<\/div>\n\t\t<\/div>\n\t\t\t\t\t<\/div>\n\t\t<\/section>\n\t\t\t\t\t<\/div>\n\t\t<\/div>\n\t\t\t\t\t<\/div>\n\t\t<\/section>\n\t\t\t\t<\/div>\n\t\t","protected":false},"excerpt":{"rendered":"<p>Polityka prywatno\u015bci &amp; Cookies Szanowni Pa\u0144stwo! Ze wzgl\u0119du na zmiany w przepisach dotycz\u0105cych ochrony danych osobowych, zwi\u0105zane z wej\u015bciem w \u017cycie&nbsp;Rozporz\u0105dzenia 2016\/679 Parlamentu Europejskiego i Rady z dnia 27 kwietnia 2016 r. w sprawie ochrony os\u00f3b fizycznych w zwi\u0105zku z przetwarzaniem danych osobowych i w sprawie swobodnego przep\u0142ywu takich danych oraz uchylenia dyrektywy 95\/46\/WE (og\u00f3lne [&hellip;]<\/p>\n","protected":false},"author":1,"featured_media":0,"parent":0,"menu_order":0,"comment_status":"closed","ping_status":"open","template":"","meta":{"footnotes":""},"class_list":["post-3","page","type-page","status-publish","hentry"],"_links":{"self":[{"href":"https:\/\/go.niezawodnestrony.pl\/index.php\/wp-json\/wp\/v2\/pages\/3","targetHints":{"allow":["GET"]}}],"collection":[{"href":"https:\/\/go.niezawodnestrony.pl\/index.php\/wp-json\/wp\/v2\/pages"}],"about":[{"href":"https:\/\/go.niezawodnestrony.pl\/index.php\/wp-json\/wp\/v2\/types\/page"}],"author":[{"embeddable":true,"href":"https:\/\/go.niezawodnestrony.pl\/index.php\/wp-json\/wp\/v2\/users\/1"}],"replies":[{"embeddable":true,"href":"https:\/\/go.niezawodnestrony.pl\/index.php\/wp-json\/wp\/v2\/comments?post=3"}],"version-history":[{"count":31,"href":"https:\/\/go.niezawodnestrony.pl\/index.php\/wp-json\/wp\/v2\/pages\/3\/revisions"}],"predecessor-version":[{"id":2576,"href":"https:\/\/go.niezawodnestrony.pl\/index.php\/wp-json\/wp\/v2\/pages\/3\/revisions\/2576"}],"wp:attachment":[{"href":"https:\/\/go.niezawodnestrony.pl\/index.php\/wp-json\/wp\/v2\/media?parent=3"}],"curies":[{"name":"wp","href":"https:\/\/api.w.org\/{rel}","templated":true}]}}