{"id":887,"date":"2020-04-06T12:59:10","date_gmt":"2020-04-06T10:59:10","guid":{"rendered":"https:\/\/go.niezawodnestrony.pl\/?page_id=887"},"modified":"2024-09-10T09:51:40","modified_gmt":"2024-09-10T07:51:40","slug":"regulamin","status":"publish","type":"page","link":"https:\/\/go.niezawodnestrony.pl\/index.php\/regulamin\/","title":{"rendered":"Regulamin"},"content":{"rendered":"\t\t<div data-elementor-type=\"wp-page\" data-elementor-id=\"887\" class=\"elementor elementor-887\" data-elementor-post-type=\"page\">\n\t\t\t\t\t\t<section class=\"elementor-section elementor-top-section elementor-element elementor-element-7f030de1 elementor-section-stretched elementor-section-height-min-height elementor-section-full_width elementor-section-height-default elementor-section-items-middle elementor-invisible\" data-id=\"7f030de1\" data-element_type=\"section\" data-settings=\"{&quot;stretch_section&quot;:&quot;section-stretched&quot;,&quot;animation&quot;:&quot;slideInRight&quot;}\">\n\t\t\t\t\t\t<div class=\"elementor-container elementor-column-gap-default\">\n\t\t\t\t\t<div class=\"elementor-column elementor-col-100 elementor-top-column elementor-element elementor-element-76a1ae17\" data-id=\"76a1ae17\" data-element_type=\"column\" data-settings=\"{&quot;background_background&quot;:&quot;classic&quot;}\">\n\t\t\t<div class=\"elementor-widget-wrap elementor-element-populated\">\n\t\t\t\t\t\t<div class=\"elementor-element elementor-element-7c50c2a2 elementor-widget elementor-widget-heading\" data-id=\"7c50c2a2\" data-element_type=\"widget\" data-widget_type=\"heading.default\">\n\t\t\t\t<div class=\"elementor-widget-container\">\n\t\t\t\t\t<h1 class=\"elementor-heading-title elementor-size-default\">Regulamin<\/h1>\t\t\t\t<\/div>\n\t\t\t\t<\/div>\n\t\t\t\t\t<\/div>\n\t\t<\/div>\n\t\t\t\t\t<\/div>\n\t\t<\/section>\n\t\t\t\t<section class=\"elementor-section elementor-top-section elementor-element elementor-element-33754f31 elementor-section-stretched elementor-section-boxed elementor-section-height-default elementor-section-height-default\" data-id=\"33754f31\" data-element_type=\"section\" data-settings=\"{&quot;stretch_section&quot;:&quot;section-stretched&quot;}\">\n\t\t\t\t\t\t<div class=\"elementor-container elementor-column-gap-default\">\n\t\t\t\t\t<div class=\"elementor-column elementor-col-100 elementor-top-column elementor-element elementor-element-2394268f\" data-id=\"2394268f\" data-element_type=\"column\">\n\t\t\t<div class=\"elementor-widget-wrap elementor-element-populated\">\n\t\t\t\t\t\t<div class=\"elementor-element elementor-element-d915fcf elementor-widget elementor-widget-heading\" data-id=\"d915fcf\" data-element_type=\"widget\" data-widget_type=\"heading.default\">\n\t\t\t\t<div class=\"elementor-widget-container\">\n\t\t\t\t\t<h2 class=\"elementor-heading-title elementor-size-default\">REGULAMIN<\/h2>\t\t\t\t<\/div>\n\t\t\t\t<\/div>\n\t\t\t\t<div class=\"elementor-element elementor-element-5ac4b889 elementor-widget elementor-widget-text-editor\" data-id=\"5ac4b889\" data-element_type=\"widget\" data-widget_type=\"text-editor.default\">\n\t\t\t\t<div class=\"elementor-widget-container\">\n\t\t\t\t\t\t\t\t\t<p><strong>Zasady og\u00f3lne<\/strong><\/p><ol><li>Szko\u0142a zobowi\u0105zuje si\u0119 do przeprowadzenia kurs\u00f3w j\u0119zykowych grupowych wg ustalonego harmonogramu i w przewidzianej dla danego rodzaju kursu ilo\u015bci godzin, (patrz: \u00a0oferta dla poszczeg\u00f3lnych szk\u00f3\u0142) lub kurs\u00f3w indywidualnych 1:1 (jeden s\u0142uchacz: jeden lektor), \u00a0wg ustalonego harmonogramu oraz ustalonej liczby godzin.<\/li><li>Pe\u0142en tok kursu to rok szkolny; kursy dziel\u0105 si\u0119 na trzy trymestry:<\/li><\/ol><ul><li style=\"list-style-type: none;\"><ul><li>Trymestr I &#8211; 30.09.2024 &#8211; 04.01.2025<\/li><li>Trymestr II &#8211; 05.01.2025 &#8211; 04.04.2025<\/li><li>Trymestr III &#8211; 05.04.2025 &#8211; 22.06.2025<\/li><\/ul><\/li><\/ul><ol><li>Ilo\u015b\u0107 zaj\u0119\u0107 w semestrze i roku szkolnym oraz czas trwania zaj\u0119\u0107 s\u0105 specyficzne dla danego rodzaju kursu (patrz: Cennik).<\/li><li>W przypadku kurs\u00f3w 1:1 czas trwania kursu, ilo\u015b\u0107 i czas trwania zaj\u0119\u0107 ustalany jest indywidualnie na pocz\u0105tku kursu.<\/li><li>Kurs uwa\u017ca si\u0119 za zrealizowany po wypracowaniu odpowiedniej dla danego kursu ilo\u015bci zaj\u0119\u0107. Jest to weryfikowane prowadzon\u0105 w ka\u017cdej grupie list\u0105 obecno\u015bci.<\/li><li>Z przyczyn losowych dopuszcza si\u0119:<ol><li>Przeprowadzenie zaj\u0119\u0107 przez Lektora innego ni\u017c Lektor przypisany danej grupie<\/li><li>Odwo\u0142ania zaj\u0119\u0107- w\u00f3wczas wyd\u0142u\u017ceniu ulega realizacja roku szkolnego tak, aby wszystkie zaj\u0119cia si\u0119 odby\u0142y lub mo\u017cliwa jest realizacja zaj\u0119\u0107 w innym terminie.<\/li><\/ol><\/li><li>Odwo\u0142anie przez s\u0142uchacza zaj\u0119\u0107 indywidualnych jest dopuszczalne na 24 godziny przed terminem zaj\u0119\u0107; w przeciwnym wypadku zaj\u0119cia podlegaj\u0105 pe\u0142nej op\u0142acie.<\/li><li>Harmonogram zaj\u0119\u0107 z j\u0119zyka angielskiego zostanie opublikowany do 3 pa\u017adziernika 2024 roku za po\u015brednictwem przypisanych kont do kursant\u00f3w w aplikacji LangLion <span style=\"color: #000080;\">(<a style=\"color: #000080;\" href=\"https:\/\/goahead.langlion.com\">PANEL RODZICA)<\/a><\/span><\/li><li>S\u0142uchacz ma prawo do rezygnacji z kursu w trakcie roku szkolnego i rozwi\u0105zania zawartej umowy z <strong>zachowaniem 30-dniowego okresu wypowiedzenia<\/strong> licz\u0105c od daty z\u0142o\u017cenia pisma. Rezygnacja z kursu powinna by\u0107 przes\u0142ana na <span style=\"color: #000080;\"><a style=\"color: #000080;\" href=\"mailto:ms@go.niezawodnestrony.pl\">ms@go.niezawodnestrony.pl<\/a><\/span><\/li><li><p>.\u00a0 W razie zamkni\u0119cia szko\u0142y na terenie kt\u00f3rej Go Ahead School organizuje kursy j\u0119zyka angielskiego, zaj\u0119cia stacjonarne zostaj\u0105 przekszta\u0142cone w kursy online na czas zamkni\u0119cia jednostki szkolnej. Zaj\u0119cia online b\u0119d\u0105 odbywa\u0107 si\u0119 przez Platform\u0119 LangLion lub inn\u0105, przystosowan\u0105 do nauczania zdalnego &#8211;\u00a0 w godzinach zaj\u0119\u0107 w trybie stacjonarnym.\u00a0<\/p><\/li><\/ol><p><strong>Op\u0142aty za kursy<\/strong><\/p><ol><li>Cena kursu obejmuje:<ol><li>Test kwalifikuj\u0105cy do grupy dla nowych kursant\u00f3w<\/li><li>Autorskie materia\u0142y dydaktyczne Szko\u0142y<\/li><li>Wszelkie materia\u0142y dodatkowe, kt\u00f3re S\u0142uchacz otrzymuje na zaj\u0119ciach<\/li><li>Testy sprawdzaj\u0105ce opanowanie materia\u0142u, badaj\u0105ce rozw\u00f3j umiej\u0119tno\u015bci oraz w przypadku grup egzaminacyjnych egzaminy pr\u00f3bne<\/li><li>Certyfikat uko\u0144czenia kursu.<\/li><\/ol><\/li><\/ol><p style=\"text-align: left;\"><em><strong>Cena kursu nie obejmuje podr\u0119cznika.<\/strong><\/em><\/p><p>-7% rabatu na dw\u00f3jk\u0119 rodze\u0144stwa<\/p><p>-10% rabatu na tr\u00f3jk\u0119 lub wi\u0119cej rodze\u0144stwa<\/p><p><em>Rabaty nie \u0142\u0105cz\u0105 si\u0119*<br \/><\/em><em><strong>W przypadku przekroczenia terminu sp\u0142aty raty, rabat nie przys\u0142uguje*<\/strong><\/em><\/p><ol><li style=\"list-style-type: none;\"><ol><li style=\"list-style-type: none;\"><ol start=\"4\"><li>Terminy op\u0142at w roku szkolnym 2024\/2025<\/li><\/ol><ul><li style=\"list-style-type: none;\"><ul><li style=\"list-style-type: none;\"><ul><li>Pierwszy trymestr &#8211; p\u0142atno\u015b\u0107 do 30.09.2024<\/li><li>Pierwszy trymestr (Druga rata) &#8211; p\u0142atno\u015b\u0107 do 16.11.2024<\/li><\/ul><ul><li>Drugi \u00a0trymestr &#8211; p\u0142atno\u015b\u0107 do 05.01.2025<\/li><li>Drugi trymestr (Druga rata) &#8211; p\u0142atno\u015b\u0107 do 10.02.2025<\/li><\/ul><ul><li>Trzeci trymestr &#8211; p\u0142atno\u015b\u0107 do 05.04.2025<\/li><li>Trzeci trymestr (Druga rata) &#8211; p\u0142atno\u015b\u0107 do 10.05.2025<\/li><\/ul><\/li><\/ul><\/li><\/ul><\/li><\/ol><\/li><\/ol><p><strong>Dodatkowe postanowienia<\/strong><\/p><ol><li style=\"list-style-type: none;\"><ol><li style=\"list-style-type: none;\"><ol><li>S\u0142uchacz mo\u017ce zosta\u0107 wykre\u015blony z listy je\u017celi uniemo\u017cliwia prowadzenie zaj\u0119\u0107 przez nieodpowiednie zachowanie lub nie dokona op\u0142aty w terminie.<\/li><li>Skargi, za\u017calenia, pytania i w\u0105tpliwo\u015bci dotycz\u0105ce programu nauczania oraz wszelkich spraw zwi\u0105zanych z funkcjonowaniem Szko\u0142y oraz sprawy zwi\u0105zane z zamiarem rezygnacji nale\u017cy kierowa\u0107 do w\u0142a\u015bciciela szko\u0142y; s\u0105 one rozpatrywane indywidualnie.<\/li><li><strong>Fakt uiszczenia pierwszej op\u0142aty za kurs jest potwierdzeniem akceptacji powy\u017cszego regulaminu oraz regulaminu p\u0142atno\u015bci Go Ahead School.<\/strong><\/li><\/ol><\/li><\/ol><\/li><\/ol><p><em>Uczniowie zobowi\u0105zuj\u0105 si\u0119 do regularnego ucz\u0119szczania na zaj\u0119cia, kulturalnego zachowania, wsp\u00f3\u0142pracy, aktywnego uczestnictwa w zaj\u0119ciach, odrabiania prac domowych oraz uczestnictwa w testach sprawdzaj\u0105cych.<\/em><\/p><ol><li style=\"list-style-type: none;\"><ol><li>Nieobecno\u015bci ucznia na zaj\u0119ciach grupowych nie s\u0105 odliczane od ceny kursu. Szko\u0142a zapewnia uczniom nieobecnym bezp\u0142atne konsultacje i zaj\u0119cia wyr\u00f3wnawcze w celu uzupe\u0142nienia wiadomo\u015bci oraz udost\u0119pnia materia\u0142y z zaj\u0119\u0107, na kt\u00f3rych uczniowie nie byli obecni.<\/li><li>Wszelkie materia\u0142y dydaktyczne w wersji papierowej \u00a0s\u0105 wliczone w cen\u0119 zaj\u0119\u0107.<\/li><li>Na zako\u0144czenie kursu ucze\u0144 otrzymuje stosowny certyfikat.<\/li><\/ol><\/li><\/ol>\t\t\t\t\t\t\t\t<\/div>\n\t\t\t\t<\/div>\n\t\t\t\t\t<\/div>\n\t\t<\/div>\n\t\t\t\t\t<\/div>\n\t\t<\/section>\n\t\t\t\t<section class=\"elementor-section elementor-top-section elementor-element elementor-element-7a774ef elementor-section-stretched elementor-section-boxed elementor-section-height-default elementor-section-height-default elementor-invisible\" data-id=\"7a774ef\" data-element_type=\"section\" data-settings=\"{&quot;stretch_section&quot;:&quot;section-stretched&quot;,&quot;background_background&quot;:&quot;classic&quot;,&quot;animation&quot;:&quot;slideInLeft&quot;}\">\n\t\t\t\t\t\t<div class=\"elementor-container elementor-column-gap-default\">\n\t\t\t\t\t<div class=\"elementor-column elementor-col-100 elementor-top-column elementor-element elementor-element-6f82d05\" data-id=\"6f82d05\" data-element_type=\"column\">\n\t\t\t<div class=\"elementor-widget-wrap elementor-element-populated\">\n\t\t\t\t\t\t<div class=\"elementor-element elementor-element-fa03f7d elementor-widget elementor-widget-heading\" data-id=\"fa03f7d\" data-element_type=\"widget\" data-widget_type=\"heading.default\">\n\t\t\t\t<div class=\"elementor-widget-container\">\n\t\t\t\t\t<h2 class=\"elementor-heading-title elementor-size-default\">Naucz si\u0119 j\u0119zyka angielskiego w Go Ahead School<\/h2>\t\t\t\t<\/div>\n\t\t\t\t<\/div>\n\t\t\t\t<div class=\"elementor-element elementor-element-9c36e41 elementor-widget elementor-widget-text-editor\" data-id=\"9c36e41\" data-element_type=\"widget\" data-widget_type=\"text-editor.default\">\n\t\t\t\t<div class=\"elementor-widget-container\">\n\t\t\t\t\t\t\t\t\t<p style=\"text-align: center;\">Skontaktuj si\u0119 z nami by dowiedzie\u0107 si\u0119 wi\u0119cej lub przejd\u017a do zapis\u00f3w online.<\/p>\t\t\t\t\t\t\t\t<\/div>\n\t\t\t\t<\/div>\n\t\t\t\t<section class=\"elementor-section elementor-inner-section elementor-element elementor-element-064ceac elementor-section-boxed elementor-section-height-default elementor-section-height-default\" data-id=\"064ceac\" data-element_type=\"section\">\n\t\t\t\t\t\t<div class=\"elementor-container elementor-column-gap-default\">\n\t\t\t\t\t<div class=\"elementor-column elementor-col-33 elementor-inner-column elementor-element elementor-element-8d22e62\" data-id=\"8d22e62\" data-element_type=\"column\">\n\t\t\t<div class=\"elementor-widget-wrap elementor-element-populated\">\n\t\t\t\t\t\t<div class=\"elementor-element elementor-element-e97024c elementor-align-justify elementor-mobile-align-justify elementor-tablet-align-justify elementor-widget elementor-widget-button\" data-id=\"e97024c\" data-element_type=\"widget\" data-widget_type=\"button.default\">\n\t\t\t\t<div class=\"elementor-widget-container\">\n\t\t\t\t\t\t\t\t\t<div class=\"elementor-button-wrapper\">\n\t\t\t\t\t<a class=\"elementor-button elementor-button-link elementor-size-sm\" href=\"https:\/\/go.niezawodnestrony.pl\/index.php\/kontakt#form\">\n\t\t\t\t\t\t<span class=\"elementor-button-content-wrapper\">\n\t\t\t\t\t\t\t\t\t<span class=\"elementor-button-text\">Skontaktuj si\u0119 z nami<\/span>\n\t\t\t\t\t<\/span>\n\t\t\t\t\t<\/a>\n\t\t\t\t<\/div>\n\t\t\t\t\t\t\t\t<\/div>\n\t\t\t\t<\/div>\n\t\t\t\t\t<\/div>\n\t\t<\/div>\n\t\t\t\t<div class=\"elementor-column elementor-col-33 elementor-inner-column elementor-element elementor-element-5e3fc27\" data-id=\"5e3fc27\" data-element_type=\"column\">\n\t\t\t<div class=\"elementor-widget-wrap elementor-element-populated\">\n\t\t\t\t\t\t<div class=\"elementor-element elementor-element-9f10da5 elementor-widget elementor-widget-text-editor\" data-id=\"9f10da5\" data-element_type=\"widget\" data-widget_type=\"text-editor.default\">\n\t\t\t\t<div class=\"elementor-widget-container\">\n\t\t\t\t\t\t\t\t\t<p style=\"text-align: center;\">lub<\/p>\t\t\t\t\t\t\t\t<\/div>\n\t\t\t\t<\/div>\n\t\t\t\t\t<\/div>\n\t\t<\/div>\n\t\t\t\t<div class=\"elementor-column elementor-col-33 elementor-inner-column elementor-element elementor-element-430d530\" data-id=\"430d530\" data-element_type=\"column\">\n\t\t\t<div class=\"elementor-widget-wrap elementor-element-populated\">\n\t\t\t\t\t\t<div class=\"elementor-element elementor-element-7059535 elementor-align-justify elementor-mobile-align-justify elementor-tablet-align-justify elementor-widget elementor-widget-button\" data-id=\"7059535\" data-element_type=\"widget\" data-widget_type=\"button.default\">\n\t\t\t\t<div class=\"elementor-widget-container\">\n\t\t\t\t\t\t\t\t\t<div class=\"elementor-button-wrapper\">\n\t\t\t\t\t<a class=\"elementor-button elementor-button-link elementor-size-sm\" href=\"https:\/\/go.niezawodnestrony.pl\/index.php\/regulamin-check\/\" rel=\"nofollow\">\n\t\t\t\t\t\t<span class=\"elementor-button-content-wrapper\">\n\t\t\t\t\t\t\t\t\t<span class=\"elementor-button-text\">Zapisz si\u0119 na kurs<\/span>\n\t\t\t\t\t<\/span>\n\t\t\t\t\t<\/a>\n\t\t\t\t<\/div>\n\t\t\t\t\t\t\t\t<\/div>\n\t\t\t\t<\/div>\n\t\t\t\t\t<\/div>\n\t\t<\/div>\n\t\t\t\t\t<\/div>\n\t\t<\/section>\n\t\t\t\t\t<\/div>\n\t\t<\/div>\n\t\t\t\t\t<\/div>\n\t\t<\/section>\n\t\t\t\t<\/div>\n\t\t","protected":false},"excerpt":{"rendered":"<p>Regulamin REGULAMIN Zasady og\u00f3lne Szko\u0142a zobowi\u0105zuje si\u0119 do przeprowadzenia kurs\u00f3w j\u0119zykowych grupowych wg ustalonego harmonogramu i w przewidzianej dla danego rodzaju kursu ilo\u015bci godzin, (patrz: \u00a0oferta dla poszczeg\u00f3lnych szk\u00f3\u0142) lub kurs\u00f3w indywidualnych 1:1 (jeden s\u0142uchacz: jeden lektor), \u00a0wg ustalonego harmonogramu oraz ustalonej liczby godzin. Pe\u0142en tok kursu to rok szkolny; kursy dziel\u0105 si\u0119 na trzy [&hellip;]<\/p>\n","protected":false},"author":1,"featured_media":0,"parent":0,"menu_order":0,"comment_status":"closed","ping_status":"closed","template":"","meta":{"footnotes":""},"class_list":["post-887","page","type-page","status-publish","hentry"],"_links":{"self":[{"href":"https:\/\/go.niezawodnestrony.pl\/index.php\/wp-json\/wp\/v2\/pages\/887","targetHints":{"allow":["GET"]}}],"collection":[{"href":"https:\/\/go.niezawodnestrony.pl\/index.php\/wp-json\/wp\/v2\/pages"}],"about":[{"href":"https:\/\/go.niezawodnestrony.pl\/index.php\/wp-json\/wp\/v2\/types\/page"}],"author":[{"embeddable":true,"href":"https:\/\/go.niezawodnestrony.pl\/index.php\/wp-json\/wp\/v2\/users\/1"}],"replies":[{"embeddable":true,"href":"https:\/\/go.niezawodnestrony.pl\/index.php\/wp-json\/wp\/v2\/comments?post=887"}],"version-history":[{"count":66,"href":"https:\/\/go.niezawodnestrony.pl\/index.php\/wp-json\/wp\/v2\/pages\/887\/revisions"}],"predecessor-version":[{"id":2713,"href":"https:\/\/go.niezawodnestrony.pl\/index.php\/wp-json\/wp\/v2\/pages\/887\/revisions\/2713"}],"wp:attachment":[{"href":"https:\/\/go.niezawodnestrony.pl\/index.php\/wp-json\/wp\/v2\/media?parent=887"}],"curies":[{"name":"wp","href":"https:\/\/api.w.org\/{rel}","templated":true}]}}